{"id":127,"date":"2025-01-23T22:03:18","date_gmt":"2025-01-23T22:03:18","guid":{"rendered":"https:\/\/www.jfclimat.ch\/?page_id=127"},"modified":"2025-01-30T09:51:20","modified_gmt":"2025-01-30T09:51:20","slug":"127-2","status":"publish","type":"page","link":"https:\/\/www.jfclimat.ch\/?page_id=127","title":{"rendered":"Limites plan\u00e9taires"},"content":{"rendered":"<p>[et_pb_section fb_built=\u00a0\u00bb1&Prime; _builder_version=\u00a0\u00bb4.27.2&Prime; _module_preset=\u00a0\u00bbdefault\u00a0\u00bb global_colors_info=\u00a0\u00bb{}\u00a0\u00bb][et_pb_row _builder_version=\u00a0\u00bb4.27.2&Prime; _module_preset=\u00a0\u00bbdefault\u00a0\u00bb min_height=\u00a0\u00bb35px\u00a0\u00bb custom_padding=\u00a0\u00bb13px|||||\u00a0\u00bb global_colors_info=\u00a0\u00bb{}\u00a0\u00bb][et_pb_column type=\u00a0\u00bb4_4&Prime; _builder_version=\u00a0\u00bb4.27.2&Prime; _module_preset=\u00a0\u00bbdefault\u00a0\u00bb global_colors_info=\u00a0\u00bb{}\u00a0\u00bb][et_pb_heading title=\u00a0\u00bbLes limites plan\u00e9taires\u00a0\u00bb _builder_version=\u00a0\u00bb4.27.2&Prime; _module_preset=\u00a0\u00bbdefault\u00a0\u00bb custom_padding=\u00a0\u00bb||3px|||\u00a0\u00bb global_colors_info=\u00a0\u00bb{}\u00a0\u00bb][\/et_pb_heading][\/et_pb_column][\/et_pb_row][et_pb_row _builder_version=\u00a0\u00bb4.27.2&Prime; _module_preset=\u00a0\u00bbdefault\u00a0\u00bb width=\u00a0\u00bb78.9%\u00a0\u00bb custom_padding=\u00a0\u00bb|||16px||\u00a0\u00bb global_colors_info=\u00a0\u00bb{}\u00a0\u00bb][et_pb_column type=\u00a0\u00bb4_4&Prime; _builder_version=\u00a0\u00bb4.27.2&Prime; _module_preset=\u00a0\u00bbdefault\u00a0\u00bb global_colors_info=\u00a0\u00bb{}\u00a0\u00bb][et_pb_text _builder_version=\u00a0\u00bb4.27.2&Prime; _module_preset=\u00a0\u00bbdefault\u00a0\u00bb custom_padding=\u00a0\u00bb0px|||||\u00a0\u00bb global_colors_info=\u00a0\u00bb{}\u00a0\u00bb]<\/p>\n<p><a href=\"https:\/\/www-stockholmresilience-org.translate.goog\/research\/planetary-boundaries.html?_x_tr_sl=auto&amp;_x_tr_tl=fr&amp;_x_tr_hl=fr&amp;_x_tr_pto=wapp\"><span style=\"font-size: large;\"><strong>9 Limites plan\u00e9taires<\/strong><\/span><\/a> ont \u00e9t\u00e9 identifi\u00e9es par Johan Rockstr\u00f6m et son \u00e9quipe de <a href=\"https:\/\/www.ecologyandsociety.org\/vol14\/iss2\/art32\/\">l&rsquo;universit\u00e9 de Stockholm<\/a><\/p>\n<p>Ces limites ne sont pas absolues, elles s\u00e9parent une <strong>zone stable<\/strong> d&rsquo;une <strong>zone de danger<\/strong> : savoir \u00e0 partir de quand <strong>on compte sur la chance pour notre survie.<\/strong><\/p>\n<p><strong>Elles ont plusieurs m\u00e9rites:<\/strong><\/p>\n<ul>\n<li>Distinguer parmi les cycles biophysiques ceux qui poseront les premier<strong> des probl\u00e8mes existentiels<\/strong> au fonctionnement de nos soci\u00e9t\u00e9s<\/li>\n<li>Poser d&rsquo;entr\u00e9e de jeu<strong> l&rsquo;aspect syst\u00e9mique<\/strong> des conditions de maintien de la biosph\u00e8re dans un \u00e9tat s\u00e9cure pour la vie humaine<\/li>\n<li>Apprendre <strong>\u00e0 vivre avec des limites<\/strong>, sortir de l&rsquo;illusion insens\u00e9e d&rsquo;une croissance infinie.<\/li>\n<\/ul>\n<p>Bref, c&rsquo;est un bel outil pour piloter l&rsquo;intensit\u00e9 de nos actions correctives, afin de nous maintenir sur une trajectoire viable.<\/p>\n<p>[\/et_pb_text][et_pb_text _builder_version=\u00a0\u00bb4.27.2&Prime; _module_preset=\u00a0\u00bbdefault\u00a0\u00bb hover_enabled=\u00a0\u00bb0&Prime; sticky_enabled=\u00a0\u00bb0&Prime;]<\/p>\n<p><strong>URGENCE !<\/strong><\/p>\n<p>Pourquoi il est urgent d&rsquo;agir lorsque l&rsquo;\u00e9volution de nos impact explosent en quelques ann\u00e9es.<\/p>\n<p>On peut reprocher aux limites plan\u00e9taires d&rsquo;\u00eatre approximatives, ou de ne pas fixer de d\u00e9lai clairs \u00e0 la n\u00e9cessit\u00e9 d&rsquo;agir. Mais si l&rsquo;on regarde avec quelle vitesse on s&rsquo;approche (ou maintenant on d\u00e9borde) de ces limites, on prend conscience de <strong>l&rsquo;\u00e9normit\u00e9 de la machine soci\u00e9tale<\/strong> qui fait croitre son m\u00e9tabolisme exponentiellement&#8230;<\/p>\n<ul>\n<li>On savait que ce n&rsquo;\u00e9tait pas tenable (depuis le<a href=\"https:\/\/earth4all-life.translate.goog\/views\/herrington-way-forward\/?_x_tr_sl=auto&amp;_x_tr_tl=fr&amp;_x_tr_hl=fr&amp;_x_tr_pto=wapp\" target=\"_blank\" rel=\"noopener\"> rapport Meadows<\/a> 1972)<\/li>\n<li>On a voulu croire que \u00ab\u00a0<strong>\u00e7a va aller<\/strong>, on a toujours fait comme \u00e7a\u00a0\u00bb<\/li>\n<li>Mais la (sainte) croissance du PIB dans nos pays d\u00e9velopp\u00e9s (OCDE) est <a href=\"https:\/\/etatdurgence.ch\/faq\/#La_croissance_est_necessaire_il_faut_donc_sorienter_vers_la_croissance_verte_la_technologie_va_nous_sauver_comme_le_propose_Bertrand_Piccard\">d\u00e9finitivement en berne<\/a><\/li>\n<li>Et m\u00eame les rapports du conseil f\u00e9d\u00e9ral demandent \u00ab\u00a0<a href=\"https:\/\/www.admin.ch\/gov\/fr\/accueil\/documentation\/communiques.msg-id-92249.html\" target=\"_blank\" rel=\"noopener\"><strong>un changement radical<\/strong><\/a><strong><\/strong>\u00a0\u00bb page 9<\/li>\n<li>Plus d&rsquo;informations sur <a href=\"https:\/\/www.bfs.admin.ch\/bfs\/fr\/home\/statistiques\/developpement-durable\/autres-indicateurs-developpement-durable\/empreinte-ecologique.html\">l&#8217;empreinte \u00e9cologique de la suisse<\/a> et des <a href=\"https:\/\/www.bafu.admin.ch\/dam\/bafu\/fr\/dokumente\/wirtschaft-konsum\/externe-studien-berichte\/umweltatlas-lieferketten-schweiz.pdf.download.pdf\/atlas_environnemental_la%20_suisse_et_ses_cha%C3%AEnes_approvisionnement.pdf\">chaines d&rsquo;approvisionnement<\/a> dont elle est d\u00e9pendante<\/li>\n<li>Magnifique <a href=\"https:\/\/bonpote.com\/un-vote-pour-les-limites-planetaires-en-suisse-linitiative-pour-la-responsabilite-environnementale\/\">page \u00ab\u00a0Bon Pote\u00a0\u00bb<\/a> sur l&rsquo;initiative Suisse.<\/li>\n<\/ul>\n<p>&nbsp;<\/p>\n<p>[\/et_pb_text][et_pb_image src=\u00a0\u00bbhttps:\/\/www.jfclimat.ch\/wp-content\/uploads\/2025\/01\/9-limites-pour-la-Suisse.png\u00a0\u00bb _builder_version=\u00a0\u00bb4.27.2&Prime; _module_preset=\u00a0\u00bbdefault\u00a0\u00bb theme_builder_area=\u00a0\u00bbpost_content\u00a0\u00bb hover_enabled=\u00a0\u00bb0&Prime; sticky_enabled=\u00a0\u00bb0&Prime;][\/et_pb_image][et_pb_text _builder_version=\u00a0\u00bb4.27.2&Prime; _module_preset=\u00a0\u00bbdefault\u00a0\u00bb custom_padding=\u00a0\u00bb15px|||||\u00a0\u00bb global_colors_info=\u00a0\u00bb{}\u00a0\u00bb]<\/p>\n<p>\u00a0Evolution pour la Suisse par limites<a href=\"https:\/\/www.jfclimat.ch\/wp-content\/uploads\/2025\/01\/Limites-dans-le-monde-et-en-suisse-sans-logo.pdf\"><br \/><img loading=\"lazy\" decoding=\"async\" src=\"https:\/\/www.jfclimat.ch\/wp-content\/uploads\/2025\/01\/evolution-limites-300x211.png\" width=\"600\" height=\"422\" alt=\"\" class=\"wp-image-145 alignnone size-medium\" style=\"display: block; margin-left: auto; margin-right: auto;\" \/><\/a><\/p>\n<p><a href=\"https:\/\/www.jfclimat.ch\/wp-content\/uploads\/2025\/01\/Limites-dans-le-monde-et-en-suisse-sans-logo.pdf\">Evolution mondiale<\/a> du d\u00e9passement des limites et illustration de la correction de trajectoire en Suisse.(<a href=\"https:\/\/www-stockholmresilience-org.translate.goog\/research\/planetary-boundaries.html?_x_tr_sl=auto&amp;_x_tr_tl=fr&amp;_x_tr_hl=fr&amp;_x_tr_pto=wapp\" target=\"_blank\" rel=\"noopener\">Source1<\/a>, <a href=\"https:\/\/www.bafu.admin.ch\/dam\/bafu\/en\/dokumente\/wirtschaft-konsum\/externe-studien-berichte\/umwelt-fussabdruecke-der-schweiz-entwicklung-zwischen-2000-2018.pdf.download.pdf\/EBP_(2022)_Environmental_Footprints_E.pdf\">Source2<\/a>)<\/p>\n<p>[\/et_pb_text][et_pb_text _builder_version=\u00a0\u00bb4.27.2&Prime; _module_preset=\u00a0\u00bbdefault\u00a0\u00bb global_colors_info=\u00a0\u00bb{}\u00a0\u00bb]<\/p>\n<p><a href=\"https:\/\/www.jfclimat.ch\/wp-content\/uploads\/2025\/01\/9-limites-planetaires-version-simplifiee-2023.pdf\"><img loading=\"lazy\" decoding=\"async\" src=\"https:\/\/www.jfclimat.ch\/wp-content\/uploads\/2025\/01\/9-limites-ptit-293x300.png\" width=\"600\" height=\"614\" alt=\"\" class=\"wp-image-130 alignnone size-medium\" style=\"display: block; margin-left: auto; margin-right: auto;\" srcset=\"https:\/\/www.jfclimat.ch\/wp-content\/uploads\/2025\/01\/9-limites-ptit-293x300.png 600w, https:\/\/www.jfclimat.ch\/wp-content\/uploads\/2025\/01\/9-limites-ptit-480x491.png 480w\" sizes=\"auto, (min-width: 0px) and (max-width: 480px) 480px, (min-width: 481px) 600px, 100vw\" \/><\/a><\/p>\n<p style=\"text-align: center;\"><a href=\"https:\/\/www.jfclimat.ch\/wp-content\/uploads\/2025\/01\/9-limites-planetaires-version-simplifiee-2023.pdf\" target=\"_blank\" rel=\"noopener\">Illustration des 9 limites<\/a> avec l&rsquo;indication de leur d\u00e9passement &#8212; ou pas.<\/p>\n<p>[\/et_pb_text][et_pb_text _builder_version=\u00a0\u00bb4.27.2&Prime; _module_preset=\u00a0\u00bbdefault\u00a0\u00bb global_colors_info=\u00a0\u00bb{}\u00a0\u00bb]<\/p>\n<p style=\"text-align: center;\"><a href=\"https:\/\/www.jfclimat.ch\/wp-content\/uploads\/2025\/01\/synthese-9-limites-planetaires-CGDD-sans-logo.pdf\"><img loading=\"lazy\" decoding=\"async\" src=\"https:\/\/www.jfclimat.ch\/wp-content\/uploads\/2025\/01\/9-limites-ptit-detail-300x185.png\" width=\"600\" height=\"370\" alt=\"\" class=\"wp-image-134 alignnone size-medium\" \/><\/a><\/p>\n<p style=\"text-align: center;\"><a href=\"https:\/\/www.jfclimat.ch\/wp-content\/uploads\/2025\/01\/synthese-9-limites-planetaires-CGDD-sans-logo.pdf\" target=\"_blank\" rel=\"noopener\">9 limites avec leur<\/a> description succinctes (<a href=\"https:\/\/www.statistiques.developpement-durable.gouv.fr\/edition-numerique\/la-france-face-aux-neuf-limites-planetaires\/synthese#ancre5\" target=\"_blank\" rel=\"noopener\">source<\/a>)<\/p>\n<p>[\/et_pb_text][et_pb_text _builder_version=\u00a0\u00bb4.27.2&Prime; _module_preset=\u00a0\u00bbdefault\u00a0\u00bb global_colors_info=\u00a0\u00bb{}\u00a0\u00bb]<\/p>\n<p><a href=\"https:\/\/www.jfclimat.ch\/wp-content\/uploads\/2025\/01\/Panneau-sur-les-limites-planetaire-detail-sans-logo.pdf\"><img loading=\"lazy\" decoding=\"async\" src=\"https:\/\/www.jfclimat.ch\/wp-content\/uploads\/2025\/01\/Limites-planetaires-cest-quoi-300x212.png\" width=\"600\" height=\"272\" alt=\"\" class=\"wp-image-136 alignnone size-medium\" style=\"display: block; margin-left: auto; margin-right: auto;\" \/><\/a><\/p>\n<p style=\"text-align: center;\"><a href=\"https:\/\/www.jfclimat.ch\/wp-content\/uploads\/2025\/01\/Panneau-sur-les-limites-planetaire-detail-sans-logo.pdf\" rel=\"attachment noopener wp-att-135\" target=\"_blank\">Panneau sur les 9 limites<\/a> (<a href=\"https:\/\/www.guides.amisdelaterre.org\/media\/Amis-de-la-Terre-les-limites-planetaires.pdf\" target=\"_blank\" rel=\"noopener\">Source<\/a>)<\/p>\n<p>[\/et_pb_text][et_pb_text _builder_version=\u00a0\u00bb4.27.2&Prime; _module_preset=\u00a0\u00bbdefault\u00a0\u00bb global_colors_info=\u00a0\u00bb{}\u00a0\u00bb]<\/p>\n<p><a href=\"https:\/\/etatdurgence.ch\/limites-planetaires\/\" target=\"_blank\" rel=\"noopener\">Plus d&rsquo;informations<\/a> sur les limites plan\u00e9taires: www.etatdurgence.ch<\/p>\n<p>[\/et_pb_text][et_pb_text _builder_version=\u00a0\u00bb4.27.2&Prime; _module_preset=\u00a0\u00bbdefault\u00a0\u00bb custom_padding=\u00a0\u00bb||20px|||\u00a0\u00bb global_colors_info=\u00a0\u00bb{}\u00a0\u00bb][\/et_pb_text][\/et_pb_column][\/et_pb_row][\/et_pb_section][et_pb_section fb_built=\u00a0\u00bb1&Prime; theme_builder_area=\u00a0\u00bbpost_content\u00a0\u00bb _builder_version=\u00a0\u00bb4.27.2&Prime; _module_preset=\u00a0\u00bbdefault\u00a0\u00bb][\/et_pb_section]<\/p>\n","protected":false},"excerpt":{"rendered":"<p>9 Limites plan\u00e9taires ont \u00e9t\u00e9 identifi\u00e9es par Johan Rockstr\u00f6m et son \u00e9quipe de l&rsquo;universit\u00e9 de Stockholm Ces limites ne sont pas absolues, elles s\u00e9parent une zone stable d&rsquo;une zone de danger : savoir \u00e0 partir de quand on compte sur la chance pour notre survie. Elles ont plusieurs m\u00e9rites: Distinguer parmi les cycles biophysiques ceux [&hellip;]<\/p>\n","protected":false},"author":1,"featured_media":130,"parent":0,"menu_order":0,"comment_status":"closed","ping_status":"closed","template":"","meta":{"_et_pb_use_builder":"on","_et_pb_old_content":"","_et_gb_content_width":"","footnotes":""},"class_list":["post-127","page","type-page","status-publish","has-post-thumbnail","hentry"],"_links":{"self":[{"href":"https:\/\/www.jfclimat.ch\/index.php?rest_route=\/wp\/v2\/pages\/127","targetHints":{"allow":["GET"]}}],"collection":[{"href":"https:\/\/www.jfclimat.ch\/index.php?rest_route=\/wp\/v2\/pages"}],"about":[{"href":"https:\/\/www.jfclimat.ch\/index.php?rest_route=\/wp\/v2\/types\/page"}],"author":[{"embeddable":true,"href":"https:\/\/www.jfclimat.ch\/index.php?rest_route=\/wp\/v2\/users\/1"}],"replies":[{"embeddable":true,"href":"https:\/\/www.jfclimat.ch\/index.php?rest_route=%2Fwp%2Fv2%2Fcomments&post=127"}],"version-history":[{"count":14,"href":"https:\/\/www.jfclimat.ch\/index.php?rest_route=\/wp\/v2\/pages\/127\/revisions"}],"predecessor-version":[{"id":187,"href":"https:\/\/www.jfclimat.ch\/index.php?rest_route=\/wp\/v2\/pages\/127\/revisions\/187"}],"wp:featuredmedia":[{"embeddable":true,"href":"https:\/\/www.jfclimat.ch\/index.php?rest_route=\/wp\/v2\/media\/130"}],"wp:attachment":[{"href":"https:\/\/www.jfclimat.ch\/index.php?rest_route=%2Fwp%2Fv2%2Fmedia&parent=127"}],"curies":[{"name":"wp","href":"https:\/\/api.w.org\/{rel}","templated":true}]}}